{"id":941,"date":"2024-09-03T18:01:59","date_gmt":"2024-09-03T18:01:59","guid":{"rendered":"https:\/\/germaniptv.net\/?post_type=product&#038;p=941"},"modified":"2025-08-25T21:41:21","modified_gmt":"2025-08-25T21:41:21","slug":"premium-german-iptv-abonnement-6-monate-2-gerate","status":"publish","type":"product","link":"https:\/\/germaniptv.net\/deutsh\/product\/premium-german-iptv-abonnement-6-monate-2-gerate\/","title":{"rendered":"Premium German IPTV-Abonnement: 6 Monate 2 Ger\u00e4te"},"content":{"rendered":"<p>Erschlie\u00dfen Sie sich die Welt der Premium-Unterhaltung mit unserem IPTV-Service. Unser Abonnement bietet Zugang zu einer umfangreichen Bibliothek von \u00fcber 22.000 Live-IPTV-Kan\u00e4len weltweit, die eine breite Palette von Genres abdecken, darunter Sport, Nachrichten, Unterhaltung und mehr. Egal, ob Sie ein Fan von modernen Blockbustern, Filmklassikern oder sehenswerten Serien sind, unsere VOD-Bibliothek bietet f\u00fcr jeden etwas.<\/p>\n<p>Warum sollten Sie sich f\u00fcr unseren deutschen IPTV-Service entscheiden?<\/p>\n<p>\u00dcber 22.000 Kan\u00e4le: Genie\u00dfen Sie eine gro\u00dfe Auswahl an Kan\u00e4len aus der ganzen Welt.<br \/>\nVOD-Bibliothek: Greifen Sie auf eine vielf\u00e4ltige Sammlung von Filmen und Serien zu, von den neuesten Ver\u00f6ffentlichungen bis hin zu zeitlosen Klassikern.<br \/>\n4K-, FHD- und HD-Qualit\u00e4t: Streamen Sie in kristallklarer Qualit\u00e4t mit unseren 4K-, FHD- und HD-Optionen.<br \/>\n24\/7 Premium-Support: Unser engagiertes Support-Team ist rund um die Uhr f\u00fcr Sie da.<br \/>\nSchnelle Aktivierung: Mit unserem schnellen und einfachen Aktivierungsprozess k\u00f6nnen Sie sofort loslegen.<br \/>\nAnti-Freeze-Technologie: Erleben Sie eine reibungslose, unterbrechungsfreie Wiedergabe mit unserer stabilen und zuverl\u00e4ssigen Streaming-Technologie.<br \/>\nVPN-Kompatibilit\u00e4t: Sicheres Streaming mit VPN-Unterst\u00fctzung.<br \/>\nGlobale Verf\u00fcgbarkeit: Greifen Sie von \u00fcberall auf der Welt auf Ihr Abonnement zu.<br \/>\nFlexible Abonnement-Optionen: W\u00e4hlen Sie die Laufzeit, die zu Ihnen passt &#8211; 1 Monat, 3 Monate, 6 Monate oder 12 Monate.<br \/>\nGer\u00e4tekompatibilit\u00e4t<br \/>\nUnser IPTV-Service ist mit allen Ger\u00e4ten kompatibel und sorgt f\u00fcr ein nahtloses Seherlebnis, egal ob Sie auf Ihrem Fernseher, Smartphone, Tablet oder Computer fernsehen. W\u00e4hlen Sie aus Tarifen, die 1, 2, 3 oder 4 Ger\u00e4te unterst\u00fctzen, damit Sie Ihre Lieblingsinhalte jederzeit und \u00fcberall genie\u00dfen k\u00f6nnen.<\/p>\n<p>Flexible Verl\u00e4ngerungen und Geld-zur\u00fcck-Garantie<br \/>\nVerl\u00e4ngern Sie Ihr Abonnement jederzeit und verl\u00e4ngern Sie Ihren Zugang so lange wie n\u00f6tig. Wir bieten flexible Verl\u00e4ngerungsoptionen, die Ihren Bed\u00fcrfnissen entsprechen. Und mit unserer 7-Tage-Geld-zur\u00fcck-Garantie sind Sie garantiert zufrieden.<\/p>\n<p>Starten Sie noch heute mit unserem IPTV-Service<br \/>\nBeginnen Sie Ihre Unterhaltungsreise mit unserem IPTV-Service. Mit wettbewerbsf\u00e4higen Preisen, zuverl\u00e4ssigen Zahlungsmethoden und umfassendem Support machen wir es Ihnen leicht, den besten IPTV-Service zu nutzen.<\/p>\n<p>&nbsp;<\/p>\n","protected":false},"excerpt":{"rendered":"<p>6 Monate Premium-Streaming von deutschen Sendern. Nutzen Sie zwei Ger\u00e4te gleichzeitig.<\/p>\n","protected":false},"featured_media":866,"comment_status":"open","ping_status":"closed","template":"","meta":{"_joinchat":[]},"product_brand":[],"product_cat":[32],"product_tag":[],"class_list":{"0":"post-941","1":"product","2":"type-product","3":"status-publish","4":"has-post-thumbnail","6":"product_cat-iptv-abonnement","8":"first","9":"instock","10":"virtual","11":"purchasable","12":"product-type-simple"},"_links":{"self":[{"href":"https:\/\/germaniptv.net\/deutsh\/wp-json\/wp\/v2\/product\/941","targetHints":{"allow":["GET"]}}],"collection":[{"href":"https:\/\/germaniptv.net\/deutsh\/wp-json\/wp\/v2\/product"}],"about":[{"href":"https:\/\/germaniptv.net\/deutsh\/wp-json\/wp\/v2\/types\/product"}],"replies":[{"embeddable":true,"href":"https:\/\/germaniptv.net\/deutsh\/wp-json\/wp\/v2\/comments?post=941"}],"wp:featuredmedia":[{"embeddable":true,"href":"https:\/\/germaniptv.net\/deutsh\/wp-json\/wp\/v2\/media\/866"}],"wp:attachment":[{"href":"https:\/\/germaniptv.net\/deutsh\/wp-json\/wp\/v2\/media?parent=941"}],"wp:term":[{"taxonomy":"product_brand","embeddable":true,"href":"https:\/\/germaniptv.net\/deutsh\/wp-json\/wp\/v2\/product_brand?post=941"},{"taxonomy":"product_cat","embeddable":true,"href":"https:\/\/germaniptv.net\/deutsh\/wp-json\/wp\/v2\/product_cat?post=941"},{"taxonomy":"product_tag","embeddable":true,"href":"https:\/\/germaniptv.net\/deutsh\/wp-json\/wp\/v2\/product_tag?post=941"}],"curies":[{"name":"wp","href":"https:\/\/api.w.org\/{rel}","templated":true}]}}